{"id":1012,"date":"2025-11-10T19:12:38","date_gmt":"2025-11-10T19:12:38","guid":{"rendered":"https:\/\/zerotoherobusiness.com\/?page_id=1012"},"modified":"2025-11-19T15:31:04","modified_gmt":"2025-11-19T15:31:04","slug":"izbor","status":"publish","type":"page","link":"https:\/\/zerotoherobusiness.com\/sr\/izbor\/","title":{"rendered":"IZBOR"},"content":{"rendered":"<div data-elementor-type=\"wp-page\" data-elementor-id=\"1012\" class=\"elementor elementor-1012\" data-elementor-post-type=\"page\">\n\t\t\t\t<div class=\"elementor-element elementor-element-7fc343f4 e-flex e-con-boxed e-con e-parent\" data-id=\"7fc343f4\" data-element_type=\"container\" data-settings=\"{&quot;background_background&quot;:&quot;classic&quot;}\">\n\t\t\t\t\t<div class=\"e-con-inner\">\n\t\t\t\t<div class=\"elementor-element elementor-element-54f60a77 elementor-widget-divider--view-line_text elementor-widget-divider--element-align-center elementor-invisible elementor-widget elementor-widget-divider\" data-id=\"54f60a77\" data-element_type=\"widget\" data-settings=\"{&quot;_animation&quot;:&quot;fadeInDown&quot;}\" data-widget_type=\"divider.default\">\n\t\t\t\t\t\t\t<div class=\"elementor-divider\">\n\t\t\t<span class=\"elementor-divider-separator\">\n\t\t\t\t\t\t\t<h2 class=\"elementor-divider__text elementor-divider__element\">\n\t\t\t\tProjekti\t\t\t\t<\/h2>\n\t\t\t\t\t\t<\/span>\n\t\t<\/div>\n\t\t\t\t\t\t<\/div>\n\t\t\t\t<div class=\"elementor-element elementor-element-3be65dfd elementor-widget elementor-widget-icon-box\" data-id=\"3be65dfd\" data-element_type=\"widget\" data-widget_type=\"icon-box.default\">\n\t\t\t\t\t\t\t<div class=\"elementor-icon-box-wrapper\">\n\n\t\t\t\n\t\t\t\t\t\t<div class=\"elementor-icon-box-content\">\n\n\t\t\t\t\t\t\t\t\t<h1 class=\"elementor-icon-box-title\">\n\t\t\t\t\t\t<span  >\n\t\t\t\t\t\t\tIZBOR\t\t\t\t\t\t<\/span>\n\t\t\t\t\t<\/h1>\n\t\t\t\t\n\t\t\t\t\t\t\t\t\t<p class=\"elementor-icon-box-description\">\n\t\t\t\t\t\tLocal dry cleaning, built to be found and chosen first\t\t\t\t\t<\/p>\n\t\t\t\t\n\t\t\t<\/div>\n\t\t\t\n\t\t<\/div>\n\t\t\t\t\t\t<\/div>\n\t\t\t\t\t<\/div>\n\t\t\t\t<\/div>\n\t\t<div class=\"elementor-element elementor-element-77e8f9ca e-flex e-con-boxed e-con e-parent\" data-id=\"77e8f9ca\" data-element_type=\"container\">\n\t\t\t\t\t<div class=\"e-con-inner\">\n\t\t<div class=\"elementor-element elementor-element-bb7bf8b e-con-full e-flex e-con e-child\" data-id=\"bb7bf8b\" data-element_type=\"container\">\n\t\t\t\t<div class=\"elementor-element elementor-element-7857199b elementor-widget elementor-widget-icon-box\" data-id=\"7857199b\" data-element_type=\"widget\" data-widget_type=\"icon-box.default\">\n\t\t\t\t\t\t\t<div class=\"elementor-icon-box-wrapper\">\n\n\t\t\t\n\t\t\t\t\t\t<div class=\"elementor-icon-box-content\">\n\n\t\t\t\t\t\t\t\t\t<h2 class=\"elementor-icon-box-title\">\n\t\t\t\t\t\t<span  >\n\t\t\t\t\t\t\tProject Overview\t\t\t\t\t\t<\/span>\n\t\t\t\t\t<\/h2>\n\t\t\t\t\n\t\t\t\t\t\t\t\t\t<p class=\"elementor-icon-box-description\">\n\t\t\t\t\t\tIzbor is a small local dry cleaning business. The main goal was not \u201cmore clicks\u201d, but better local visibility: when someone nearby searches for dry cleaning, Izbor should show up, look trustworthy, and be easy to contact. We built a clear website, optimised local SEO, and connected everything to Google Business Profile and Meta campaigns.\t\t\t\t\t<\/p>\n\t\t\t\t\n\t\t\t<\/div>\n\t\t\t\n\t\t<\/div>\n\t\t\t\t\t\t<\/div>\n\t\t\t\t<div class=\"elementor-element elementor-element-5969df85 elementor-widget elementor-widget-heading\" data-id=\"5969df85\" data-element_type=\"widget\" data-widget_type=\"heading.default\">\n\t\t\t\t\t<h2 class=\"elementor-heading-title elementor-size-default\">Goals<\/h2>\t\t\t\t<\/div>\n\t\t\t\t<div class=\"elementor-element elementor-element-71842013 elementor-icon-list--layout-traditional elementor-list-item-link-full_width elementor-widget elementor-widget-icon-list\" data-id=\"71842013\" data-element_type=\"widget\" data-widget_type=\"icon-list.default\">\n\t\t\t\t\t\t\t<ul class=\"elementor-icon-list-items\">\n\t\t\t\t\t\t\t<li class=\"elementor-icon-list-item\">\n\t\t\t\t\t\t\t\t\t\t\t<span class=\"elementor-icon-list-icon\">\n\t\t\t\t\t\t\t<svg aria-hidden=\"true\" class=\"e-font-icon-svg e-fas-check\" viewbox=\"0 0 512 512\" xmlns=\"http:\/\/www.w3.org\/2000\/svg\"><path d=\"M173.898 439.404l-166.4-166.4c-9.997-9.997-9.997-26.206 0-36.204l36.203-36.204c9.997-9.998 26.207-9.998 36.204 0L192 312.69 432.095 72.596c9.997-9.997 26.207-9.997 36.204 0l36.203 36.204c9.997 9.997 9.997 26.206 0 36.204l-294.4 294.401c-9.998 9.997-26.207 9.997-36.204-.001z\"><\/path><\/svg>\t\t\t\t\t\t<\/span>\n\t\t\t\t\t\t\t\t\t\t<span class=\"elementor-icon-list-text\">Improve local SEO so Izbor appears in local search and map results.<\/span>\n\t\t\t\t\t\t\t\t\t<\/li>\n\t\t\t\t\t\t\t\t<li class=\"elementor-icon-list-item\">\n\t\t\t\t\t\t\t\t\t\t\t<span class=\"elementor-icon-list-icon\">\n\t\t\t\t\t\t\t<svg aria-hidden=\"true\" class=\"e-font-icon-svg e-fas-check\" viewbox=\"0 0 512 512\" xmlns=\"http:\/\/www.w3.org\/2000\/svg\"><path d=\"M173.898 439.404l-166.4-166.4c-9.997-9.997-9.997-26.206 0-36.204l36.203-36.204c9.997-9.998 26.207-9.998 36.204 0L192 312.69 432.095 72.596c9.997-9.997 26.207-9.997 36.204 0l36.203 36.204c9.997 9.997 9.997 26.206 0 36.204l-294.4 294.401c-9.998 9.997-26.207 9.997-36.204-.001z\"><\/path><\/svg>\t\t\t\t\t\t<\/span>\n\t\t\t\t\t\t\t\t\t\t<span class=\"elementor-icon-list-text\">Present services, prices, and location clearly on a simple website.<\/span>\n\t\t\t\t\t\t\t\t\t<\/li>\n\t\t\t\t\t\t\t\t<li class=\"elementor-icon-list-item\">\n\t\t\t\t\t\t\t\t\t\t\t<span class=\"elementor-icon-list-icon\">\n\t\t\t\t\t\t\t<svg aria-hidden=\"true\" class=\"e-font-icon-svg e-fas-check\" viewbox=\"0 0 512 512\" xmlns=\"http:\/\/www.w3.org\/2000\/svg\"><path d=\"M173.898 439.404l-166.4-166.4c-9.997-9.997-9.997-26.206 0-36.204l36.203-36.204c9.997-9.998 26.207-9.998 36.204 0L192 312.69 432.095 72.596c9.997-9.997 26.207-9.997 36.204 0l36.203 36.204c9.997 9.997 9.997 26.206 0 36.204l-294.4 294.401c-9.998 9.997-26.207 9.997-36.204-.001z\"><\/path><\/svg>\t\t\t\t\t\t<\/span>\n\t\t\t\t\t\t\t\t\t\t<span class=\"elementor-icon-list-text\">Make it easy for people to call, get directions, or send a message.<\/span>\n\t\t\t\t\t\t\t\t\t<\/li>\n\t\t\t\t\t\t<\/ul>\n\t\t\t\t\t\t<\/div>\n\t\t\t\t<\/div>\n\t\t<div class=\"elementor-element elementor-element-6b45f396 e-con-full e-flex elementor-invisible e-con e-child\" data-id=\"6b45f396\" data-element_type=\"container\" data-settings=\"{&quot;background_background&quot;:&quot;gradient&quot;,&quot;animation&quot;:&quot;fadeInUp&quot;}\">\n\t\t\t\t<div class=\"elementor-element elementor-element-7bfa4a3 elementor-widget elementor-widget-icon-box\" data-id=\"7bfa4a3\" data-element_type=\"widget\" data-widget_type=\"icon-box.default\">\n\t\t\t\t\t\t\t<div class=\"elementor-icon-box-wrapper\">\n\n\t\t\t\n\t\t\t\t\t\t<div class=\"elementor-icon-box-content\">\n\n\t\t\t\t\t\t\t\t\t<h2 class=\"elementor-icon-box-title\">\n\t\t\t\t\t\t<span  >\n\t\t\t\t\t\t\tResults\t\t\t\t\t\t<\/span>\n\t\t\t\t\t<\/h2>\n\t\t\t\t\n\t\t\t\t\t\t\t\t\t<p class=\"elementor-icon-box-description\">\n\t\t\t\t\t\t<div style=\"font-size:15px;line-height:1.8;text-align:center\">\n\n  <div style=\"margin-bottom:8px\">\n    <div style=\"font-size:11px;text-transform:uppercase;letter-spacing:0.16em;font-weight:600\">\n      Local visibility\n    <\/div>\n    <div style=\"font-size:19px;font-weight:700\">\n      More views in search &amp; maps\n    <\/div>\n    <div style=\"opacity:0.85\">\n      Google Business Profile and on-site SEO for queries like \u201chemijsko \u010di\u0161\u0107enje Zrenjanin\u201d.\n    <\/div>\n  <\/div>\n\n  <div style=\"margin-bottom:8px\">\n    <div style=\"font-size:11px;text-transform:uppercase;letter-spacing:0.16em;font-weight:600\">\n      Customer actions\n    <\/div>\n    <div style=\"font-size:19px;font-weight:700\">\n      +90% calls, direction clicks &amp; messages\n    <\/div>\n    <div style=\"opacity:0.85\">\n      More people choosing IZBOR when they need a nearby dry cleaner.\n    <\/div>\n  <\/div>\n\n  <div style=\"margin-bottom:12px\">\n    <div style=\"font-size:11px;text-transform:uppercase;letter-spacing:0.16em;font-weight:600\">\n      Budget efficiency\n    <\/div>\n    <div style=\"font-size:19px;font-weight:700\">\n      Low 3-figure monthly budget, high impact\n    <\/div>\n    <div style=\"opacity:0.85\">\n      Local SEO doing the heavy lifting, with geo-targeted Meta ads as a simple boost.\n    <\/div>\n  <\/div>\n\n  <div style=\"font-size:14px;opacity:0.9\">\n    Organic taffic is ramping up while ads keep a steady flow of nearby customers coming through the door.\n  <\/div>\n\n<\/div>\n\t\t\t\t\t<\/p>\n\t\t\t\t\n\t\t\t<\/div>\n\t\t\t\n\t\t<\/div>\n\t\t\t\t\t\t<\/div>\n\t\t\t\t<\/div>\n\t\t\t\t\t<\/div>\n\t\t\t\t<\/div>\n\t\t<div class=\"elementor-element elementor-element-282c712 e-flex e-con-boxed e-con e-parent\" data-id=\"282c712\" data-element_type=\"container\">\n\t\t\t\t\t<div class=\"e-con-inner\">\n\t\t<div class=\"elementor-element elementor-element-7af92226 e-con-full e-flex e-con e-child\" data-id=\"7af92226\" data-element_type=\"container\">\n\t\t\t\t<div class=\"elementor-element elementor-element-55945048 elementor-widget elementor-widget-heading\" data-id=\"55945048\" data-element_type=\"widget\" data-widget_type=\"heading.default\">\n\t\t\t\t\t<h2 class=\"elementor-heading-title elementor-size-default\">What We Did<\/h2>\t\t\t\t<\/div>\n\t\t\t\t<div class=\"elementor-element elementor-element-475284b3 elementor-list-item-link-full_width elementor-widget elementor-widget-icon-list\" data-id=\"475284b3\" data-element_type=\"widget\" data-widget_type=\"icon-list.default\">\n\t\t\t\t\t\t\t<ul class=\"elementor-icon-list-items\">\n\t\t\t\t\t\t\t<li class=\"elementor-icon-list-item\">\n\t\t\t\t\t\t\t\t\t\t\t<span class=\"elementor-icon-list-icon\">\n\t\t\t\t\t\t\t<svg aria-hidden=\"true\" class=\"e-font-icon-svg e-fas-check\" viewbox=\"0 0 512 512\" xmlns=\"http:\/\/www.w3.org\/2000\/svg\"><path d=\"M173.898 439.404l-166.4-166.4c-9.997-9.997-9.997-26.206 0-36.204l36.203-36.204c9.997-9.998 26.207-9.998 36.204 0L192 312.69 432.095 72.596c9.997-9.997 26.207-9.997 36.204 0l36.203 36.204c9.997 9.997 9.997 26.206 0 36.204l-294.4 294.401c-9.998 9.997-26.207 9.997-36.204-.001z\"><\/path><\/svg>\t\t\t\t\t\t<\/span>\n\t\t\t\t\t\t\t\t\t\t<span class=\"elementor-icon-list-text\"><b>Website design &amp; development<\/b><br>Created a straightforward, mobile-friendly site that explains services, pricing, location, and opening hours, with clear calls to call or visit.<\/span>\n\t\t\t\t\t\t\t\t\t<\/li>\n\t\t\t\t\t\t\t\t<li class=\"elementor-icon-list-item\">\n\t\t\t\t\t\t\t\t\t\t\t<span class=\"elementor-icon-list-icon\">\n\t\t\t\t\t\t\t<svg aria-hidden=\"true\" class=\"e-font-icon-svg e-fas-check\" viewbox=\"0 0 512 512\" xmlns=\"http:\/\/www.w3.org\/2000\/svg\"><path d=\"M173.898 439.404l-166.4-166.4c-9.997-9.997-9.997-26.206 0-36.204l36.203-36.204c9.997-9.998 26.207-9.998 36.204 0L192 312.69 432.095 72.596c9.997-9.997 26.207-9.997 36.204 0l36.203 36.204c9.997 9.997 9.997 26.206 0 36.204l-294.4 294.401c-9.998 9.997-26.207 9.997-36.204-.001z\"><\/path><\/svg>\t\t\t\t\t\t<\/span>\n\t\t\t\t\t\t\t\t\t\t<span class=\"elementor-icon-list-text\"><b>Local &amp; on-site SEO<\/b><br>Implemented SEO on the site and structured content for local queries like \u201chemijsko \u010di\u0161\u0107enje Zrenjanin\u201d, plus optimized Google Business Profile for reviews, photos, and accurate info.<\/span>\n\t\t\t\t\t\t\t\t\t<\/li>\n\t\t\t\t\t\t\t\t<li class=\"elementor-icon-list-item\">\n\t\t\t\t\t\t\t\t\t\t\t<span class=\"elementor-icon-list-icon\">\n\t\t\t\t\t\t\t<svg aria-hidden=\"true\" class=\"e-font-icon-svg e-fas-check\" viewbox=\"0 0 512 512\" xmlns=\"http:\/\/www.w3.org\/2000\/svg\"><path d=\"M173.898 439.404l-166.4-166.4c-9.997-9.997-9.997-26.206 0-36.204l36.203-36.204c9.997-9.998 26.207-9.998 36.204 0L192 312.69 432.095 72.596c9.997-9.997 26.207-9.997 36.204 0l36.203 36.204c9.997 9.997 9.997 26.206 0 36.204l-294.4 294.401c-9.998 9.997-26.207 9.997-36.204-.001z\"><\/path><\/svg>\t\t\t\t\t\t<\/span>\n\t\t\t\t\t\t\t\t\t\t<span class=\"elementor-icon-list-text\"><b>Meta ads for local reach<\/b><br>Ran simple, geo-targeted Meta campaigns to remind nearby residents that Izbor is the convenient, trusted dry cleaner in their area.<\/span>\n\t\t\t\t\t\t\t\t\t<\/li>\n\t\t\t\t\t\t\t\t<li class=\"elementor-icon-list-item\">\n\t\t\t\t\t\t\t\t\t\t\t<span class=\"elementor-icon-list-icon\">\n\t\t\t\t\t\t\t<svg aria-hidden=\"true\" class=\"e-font-icon-svg e-fas-check\" viewbox=\"0 0 512 512\" xmlns=\"http:\/\/www.w3.org\/2000\/svg\"><path d=\"M173.898 439.404l-166.4-166.4c-9.997-9.997-9.997-26.206 0-36.204l36.203-36.204c9.997-9.998 26.207-9.998 36.204 0L192 312.69 432.095 72.596c9.997-9.997 26.207-9.997 36.204 0l36.203 36.204c9.997 9.997 9.997 26.206 0 36.204l-294.4 294.401c-9.998 9.997-26.207 9.997-36.204-.001z\"><\/path><\/svg>\t\t\t\t\t\t<\/span>\n\t\t\t\t\t\t\t\t\t\t<span class=\"elementor-icon-list-text\"><b>Tracking and search visibility<\/b><br>Set up Tag Manager, Analytics, and Search Console so visits, actions, and search queries can be tracked and the local SEO strategy improved over time.<\/span>\n\t\t\t\t\t\t\t\t\t<\/li>\n\t\t\t\t\t\t<\/ul>\n\t\t\t\t\t\t<\/div>\n\t\t\t\t<\/div>\n\t\t<div class=\"elementor-element elementor-element-6a306926 e-con-full e-flex e-con e-child\" data-id=\"6a306926\" data-element_type=\"container\">\n\t\t\t\t<div class=\"elementor-element elementor-element-7395df64 elementor-widget elementor-widget-heading\" data-id=\"7395df64\" data-element_type=\"widget\" data-widget_type=\"heading.default\">\n\t\t\t\t\t<h2 class=\"elementor-heading-title elementor-size-default\">Tech Stack<\/h2>\t\t\t\t<\/div>\n\t\t\t\t<div class=\"elementor-element elementor-element-2e630924 elementor-widget elementor-widget-text-editor\" data-id=\"2e630924\" data-element_type=\"widget\" data-widget_type=\"text-editor.default\">\n\t\t\t\t\t\t\t\t\t<ul><li data-start=\"1651\" data-end=\"1670\">WordPress website<\/li><li data-start=\"1673\" data-end=\"1690\">SEO &amp; Local SEO<\/li><li data-start=\"1693\" data-end=\"1718\">Google Business Profile<\/li><li data-start=\"1721\" data-end=\"1731\">Meta Ads<\/li><li data-start=\"1734\" data-end=\"1754\">Google Tag Manager<\/li><li data-start=\"1757\" data-end=\"1775\">Google Analytics<\/li><li data-start=\"1778\" data-end=\"1801\">Google Search Console<\/li><\/ul>\t\t\t\t\t\t\t\t<\/div>\n\t\t\t\t<\/div>\n\t\t\t\t\t<\/div>\n\t\t\t\t<\/div>\n\t\t<div class=\"elementor-element elementor-element-3e96bd51 e-flex e-con-boxed e-con e-parent\" data-id=\"3e96bd51\" data-element_type=\"container\">\n\t\t\t\t\t<div class=\"e-con-inner\">\n\t\t\t\t<div class=\"elementor-element elementor-element-8c16720 elementor-widget elementor-widget-heading\" data-id=\"8c16720\" data-element_type=\"widget\" data-widget_type=\"heading.default\">\n\t\t\t\t\t<h2 class=\"elementor-heading-title elementor-size-default\">Turn local searches into walk-in customers for your service business<\/h2>\t\t\t\t<\/div>\n\t\t\t\t<div class=\"elementor-element elementor-element-5eea0a89 e-transform e-transform elementor-mobile-align-justify animated-fast elementor-invisible elementor-widget elementor-widget-global elementor-global-575 elementor-widget-button\" data-id=\"5eea0a89\" data-element_type=\"widget\" data-settings=\"{&quot;_transform_translateY_effect_hover&quot;:{&quot;unit&quot;:&quot;px&quot;,&quot;size&quot;:-3,&quot;sizes&quot;:[]},&quot;_transform_translateX_effect&quot;:{&quot;unit&quot;:&quot;px&quot;,&quot;size&quot;:0,&quot;sizes&quot;:[]},&quot;_transform_translateY_effect&quot;:{&quot;unit&quot;:&quot;px&quot;,&quot;size&quot;:0,&quot;sizes&quot;:[]},&quot;_transform_translateX_effect_hover&quot;:{&quot;unit&quot;:&quot;px&quot;,&quot;size&quot;:0,&quot;sizes&quot;:[]},&quot;_animation&quot;:&quot;fadeInUp&quot;,&quot;_transform_translateX_effect_tablet&quot;:{&quot;unit&quot;:&quot;px&quot;,&quot;size&quot;:&quot;&quot;,&quot;sizes&quot;:[]},&quot;_transform_translateX_effect_mobile&quot;:{&quot;unit&quot;:&quot;px&quot;,&quot;size&quot;:&quot;&quot;,&quot;sizes&quot;:[]},&quot;_transform_translateY_effect_tablet&quot;:{&quot;unit&quot;:&quot;px&quot;,&quot;size&quot;:&quot;&quot;,&quot;sizes&quot;:[]},&quot;_transform_translateY_effect_mobile&quot;:{&quot;unit&quot;:&quot;px&quot;,&quot;size&quot;:&quot;&quot;,&quot;sizes&quot;:[]},&quot;_transform_translateX_effect_hover_tablet&quot;:{&quot;unit&quot;:&quot;px&quot;,&quot;size&quot;:&quot;&quot;,&quot;sizes&quot;:[]},&quot;_transform_translateX_effect_hover_mobile&quot;:{&quot;unit&quot;:&quot;px&quot;,&quot;size&quot;:&quot;&quot;,&quot;sizes&quot;:[]},&quot;_transform_translateY_effect_hover_tablet&quot;:{&quot;unit&quot;:&quot;px&quot;,&quot;size&quot;:&quot;&quot;,&quot;sizes&quot;:[]},&quot;_transform_translateY_effect_hover_mobile&quot;:{&quot;unit&quot;:&quot;px&quot;,&quot;size&quot;:&quot;&quot;,&quot;sizes&quot;:[]}}\" data-widget_type=\"button.default\">\n\t\t\t\t\t\t\t\t\t\t<a class=\"elementor-button elementor-button-link elementor-size-sm\" href=\"https:\/\/zerotoherobusiness.com\/sr\/get-free-quote\/\">\n\t\t\t\t\t\t<span class=\"elementor-button-content-wrapper\">\n\t\t\t\t\t\t\t\t\t<span class=\"elementor-button-text\">Po\u0161aljite upit<\/span>\n\t\t\t\t\t<\/span>\n\t\t\t\t\t<\/a>\n\t\t\t\t\t\t\t\t<\/div>\n\t\t\t\t\t<\/div>\n\t\t\t\t<\/div>\n\t\t\t\t<\/div>","protected":false},"excerpt":{"rendered":"<p>Portfolio Local dry cleaning, built to be found and chosen first Project Overview Izbor is a small local dry cleaning business. The main goal was not \u201cmore clicks\u201d, but better local visibility: when someone nearby searches for dry cleaning, Izbor should show up, look trustworthy, and be easy to contact. We built a clear website, [&hellip;]<\/p>","protected":false},"author":1,"featured_media":0,"parent":0,"menu_order":0,"comment_status":"closed","ping_status":"closed","template":"","meta":{"footnotes":""},"class_list":["post-1012","page","type-page","status-publish","hentry"],"yoast_head":"<!-- This site is optimized with the Yoast SEO plugin v26.3 - https:\/\/yoast.com\/wordpress\/plugins\/seo\/ -->\n<title>IZBOR - zerotoherobusiness.com<\/title>\n<meta name=\"robots\" content=\"index, follow, max-snippet:-1, max-image-preview:large, max-video-preview:-1\" \/>\n<link rel=\"canonical\" href=\"https:\/\/zerotoherobusiness.com\/sr\/izbor\/\" \/>\n<meta property=\"og:locale\" content=\"sr_RS\" \/>\n<meta property=\"og:type\" content=\"article\" \/>\n<meta property=\"og:title\" content=\"IZBOR - zerotoherobusiness.com\" \/>\n<meta property=\"og:description\" content=\"Portfolio Local dry cleaning, built to be found and chosen first Project Overview Izbor is a small local dry cleaning business. The main goal was not \u201cmore clicks\u201d, but better local visibility: when someone nearby searches for dry cleaning, Izbor should show up, look trustworthy, and be easy to contact. We built a clear website, [&hellip;]\" \/>\n<meta property=\"og:url\" content=\"https:\/\/zerotoherobusiness.com\/sr\/izbor\/\" \/>\n<meta property=\"og:site_name\" content=\"zerotoherobusiness.com\" \/>\n<meta property=\"article:modified_time\" content=\"2025-11-19T15:31:04+00:00\" \/>\n<meta name=\"twitter:card\" content=\"summary_large_image\" \/>\n<meta name=\"twitter:label1\" content=\"\u041f\u0440\u043e\u0446\u0435\u045a\u0435\u043d\u043e \u0432\u0440\u0435\u043c\u0435 \u0447\u0438\u0442\u0430\u045a\u0430\" \/>\n\t<meta name=\"twitter:data1\" content=\"2 \u043c\u0438\u043d\u0443\u0442\u0430\" \/>\n<script type=\"application\/ld+json\" class=\"yoast-schema-graph\">{\"@context\":\"https:\/\/schema.org\",\"@graph\":[{\"@type\":\"WebPage\",\"@id\":\"https:\/\/zerotoherobusiness.com\/izbor\/\",\"url\":\"https:\/\/zerotoherobusiness.com\/izbor\/\",\"name\":\"IZBOR - zerotoherobusiness.com\",\"isPartOf\":{\"@id\":\"https:\/\/zerotoherobusiness.com\/#website\"},\"datePublished\":\"2025-11-10T19:12:38+00:00\",\"dateModified\":\"2025-11-19T15:31:04+00:00\",\"breadcrumb\":{\"@id\":\"https:\/\/zerotoherobusiness.com\/izbor\/#breadcrumb\"},\"inLanguage\":\"sr-RS\",\"potentialAction\":[{\"@type\":\"ReadAction\",\"target\":[\"https:\/\/zerotoherobusiness.com\/izbor\/\"]}]},{\"@type\":\"BreadcrumbList\",\"@id\":\"https:\/\/zerotoherobusiness.com\/izbor\/#breadcrumb\",\"itemListElement\":[{\"@type\":\"ListItem\",\"position\":1,\"name\":\"Home\",\"item\":\"https:\/\/zerotoherobusiness.com\/\"},{\"@type\":\"ListItem\",\"position\":2,\"name\":\"IZBOR\"}]},{\"@type\":\"WebSite\",\"@id\":\"https:\/\/zerotoherobusiness.com\/#website\",\"url\":\"https:\/\/zerotoherobusiness.com\/\",\"name\":\"zerotoherobusiness.com\",\"description\":\"\",\"publisher\":{\"@id\":\"https:\/\/zerotoherobusiness.com\/#organization\"},\"potentialAction\":[{\"@type\":\"SearchAction\",\"target\":{\"@type\":\"EntryPoint\",\"urlTemplate\":\"https:\/\/zerotoherobusiness.com\/?s={search_term_string}\"},\"query-input\":{\"@type\":\"PropertyValueSpecification\",\"valueRequired\":true,\"valueName\":\"search_term_string\"}}],\"inLanguage\":\"sr-RS\"},{\"@type\":\"Organization\",\"@id\":\"https:\/\/zerotoherobusiness.com\/#organization\",\"name\":\"zerotoherobusiness.com\",\"url\":\"https:\/\/zerotoherobusiness.com\/\",\"logo\":{\"@type\":\"ImageObject\",\"inLanguage\":\"sr-RS\",\"@id\":\"https:\/\/zerotoherobusiness.com\/#\/schema\/logo\/image\/\",\"url\":\"https:\/\/zerotoherobusiness.com\/wp-content\/uploads\/2025\/09\/hero-350-x-100-px-3.png\",\"contentUrl\":\"https:\/\/zerotoherobusiness.com\/wp-content\/uploads\/2025\/09\/hero-350-x-100-px-3.png\",\"width\":350,\"height\":100,\"caption\":\"zerotoherobusiness.com\"},\"image\":{\"@id\":\"https:\/\/zerotoherobusiness.com\/#\/schema\/logo\/image\/\"}}]}<\/script>\n<!-- \/ Yoast SEO plugin. -->","yoast_head_json":{"title":"IZBOR - zerotoherobusiness.com","robots":{"index":"index","follow":"follow","max-snippet":"max-snippet:-1","max-image-preview":"max-image-preview:large","max-video-preview":"max-video-preview:-1"},"canonical":"https:\/\/zerotoherobusiness.com\/sr\/izbor\/","og_locale":"sr_RS","og_type":"article","og_title":"IZBOR - zerotoherobusiness.com","og_description":"Portfolio Local dry cleaning, built to be found and chosen first Project Overview Izbor is a small local dry cleaning business. The main goal was not \u201cmore clicks\u201d, but better local visibility: when someone nearby searches for dry cleaning, Izbor should show up, look trustworthy, and be easy to contact. We built a clear website, [&hellip;]","og_url":"https:\/\/zerotoherobusiness.com\/sr\/izbor\/","og_site_name":"zerotoherobusiness.com","article_modified_time":"2025-11-19T15:31:04+00:00","twitter_card":"summary_large_image","twitter_misc":{"\u041f\u0440\u043e\u0446\u0435\u045a\u0435\u043d\u043e \u0432\u0440\u0435\u043c\u0435 \u0447\u0438\u0442\u0430\u045a\u0430":"2 \u043c\u0438\u043d\u0443\u0442\u0430"},"schema":{"@context":"https:\/\/schema.org","@graph":[{"@type":"WebPage","@id":"https:\/\/zerotoherobusiness.com\/izbor\/","url":"https:\/\/zerotoherobusiness.com\/izbor\/","name":"IZBOR - zerotoherobusiness.com","isPartOf":{"@id":"https:\/\/zerotoherobusiness.com\/#website"},"datePublished":"2025-11-10T19:12:38+00:00","dateModified":"2025-11-19T15:31:04+00:00","breadcrumb":{"@id":"https:\/\/zerotoherobusiness.com\/izbor\/#breadcrumb"},"inLanguage":"sr-RS","potentialAction":[{"@type":"ReadAction","target":["https:\/\/zerotoherobusiness.com\/izbor\/"]}]},{"@type":"BreadcrumbList","@id":"https:\/\/zerotoherobusiness.com\/izbor\/#breadcrumb","itemListElement":[{"@type":"ListItem","position":1,"name":"Home","item":"https:\/\/zerotoherobusiness.com\/"},{"@type":"ListItem","position":2,"name":"IZBOR"}]},{"@type":"WebSite","@id":"https:\/\/zerotoherobusiness.com\/#website","url":"https:\/\/zerotoherobusiness.com\/","name":"zerotoherobusiness.com","description":"","publisher":{"@id":"https:\/\/zerotoherobusiness.com\/#organization"},"potentialAction":[{"@type":"SearchAction","target":{"@type":"EntryPoint","urlTemplate":"https:\/\/zerotoherobusiness.com\/?s={search_term_string}"},"query-input":{"@type":"PropertyValueSpecification","valueRequired":true,"valueName":"search_term_string"}}],"inLanguage":"sr-RS"},{"@type":"Organization","@id":"https:\/\/zerotoherobusiness.com\/#organization","name":"zerotoherobusiness.com","url":"https:\/\/zerotoherobusiness.com\/","logo":{"@type":"ImageObject","inLanguage":"sr-RS","@id":"https:\/\/zerotoherobusiness.com\/#\/schema\/logo\/image\/","url":"https:\/\/zerotoherobusiness.com\/wp-content\/uploads\/2025\/09\/hero-350-x-100-px-3.png","contentUrl":"https:\/\/zerotoherobusiness.com\/wp-content\/uploads\/2025\/09\/hero-350-x-100-px-3.png","width":350,"height":100,"caption":"zerotoherobusiness.com"},"image":{"@id":"https:\/\/zerotoherobusiness.com\/#\/schema\/logo\/image\/"}}]}},"_links":{"self":[{"href":"https:\/\/zerotoherobusiness.com\/sr\/wp-json\/wp\/v2\/pages\/1012","targetHints":{"allow":["GET"]}}],"collection":[{"href":"https:\/\/zerotoherobusiness.com\/sr\/wp-json\/wp\/v2\/pages"}],"about":[{"href":"https:\/\/zerotoherobusiness.com\/sr\/wp-json\/wp\/v2\/types\/page"}],"author":[{"embeddable":true,"href":"https:\/\/zerotoherobusiness.com\/sr\/wp-json\/wp\/v2\/users\/1"}],"replies":[{"embeddable":true,"href":"https:\/\/zerotoherobusiness.com\/sr\/wp-json\/wp\/v2\/comments?post=1012"}],"version-history":[{"count":25,"href":"https:\/\/zerotoherobusiness.com\/sr\/wp-json\/wp\/v2\/pages\/1012\/revisions"}],"predecessor-version":[{"id":1642,"href":"https:\/\/zerotoherobusiness.com\/sr\/wp-json\/wp\/v2\/pages\/1012\/revisions\/1642"}],"wp:attachment":[{"href":"https:\/\/zerotoherobusiness.com\/sr\/wp-json\/wp\/v2\/media?parent=1012"}],"curies":[{"name":"wp","href":"https:\/\/api.w.org\/{rel}","templated":true}]}}