{"id":220,"date":"2025-09-22T19:48:46","date_gmt":"2025-09-22T19:48:46","guid":{"rendered":"https:\/\/zerotoherobusiness.com\/?page_id=220"},"modified":"2025-11-13T18:09:15","modified_gmt":"2025-11-13T18:09:15","slug":"get-free-quote","status":"publish","type":"page","link":"https:\/\/zerotoherobusiness.com\/sr\/get-free-quote\/","title":{"rendered":"Po\u0161aljite upit"},"content":{"rendered":"<div data-elementor-type=\"wp-page\" data-elementor-id=\"220\" class=\"elementor elementor-220\" data-elementor-post-type=\"page\">\n\t\t\t\t<div class=\"elementor-element elementor-element-7423eed8 e-flex e-con-boxed e-con e-parent\" data-id=\"7423eed8\" data-element_type=\"container\" data-settings=\"{&quot;background_background&quot;:&quot;classic&quot;}\">\n\t\t\t\t\t<div class=\"e-con-inner\">\n\t\t\t\t<div class=\"elementor-element elementor-element-d4625c elementor-widget elementor-widget-icon-box\" data-id=\"d4625c\" data-element_type=\"widget\" data-widget_type=\"icon-box.default\">\n\t\t\t\t\t\t\t<div class=\"elementor-icon-box-wrapper\">\n\n\t\t\t\n\t\t\t\t\t\t<div class=\"elementor-icon-box-content\">\n\n\t\t\t\t\t\t\t\t\t<h1 class=\"elementor-icon-box-title\">\n\t\t\t\t\t\t<span  >\n\t\t\t\t\t\t\tPo\u0161aljite nam upit\t\t\t\t\t\t<\/span>\n\t\t\t\t\t<\/h1>\n\t\t\t\t\n\t\t\t\t\t\t\t\t\t<p class=\"elementor-icon-box-description\">\n\t\t\t\t\t\tSpremni ste da skalirate svoj biznis? Zatra\u017eite ponudu, bez obaveze. Popunite formu i ubrzo \u0107emo vas kontaktirati.\t\t\t\t\t<\/p>\n\t\t\t\t\n\t\t\t<\/div>\n\t\t\t\n\t\t<\/div>\n\t\t\t\t\t\t<\/div>\n\t\t\t\t\t<\/div>\n\t\t\t\t<\/div>\n\t\t<div class=\"elementor-element elementor-element-1b78df4 e-flex e-con-boxed e-con e-parent\" data-id=\"1b78df4\" data-element_type=\"container\">\n\t\t\t\t\t<div class=\"e-con-inner\">\n\t\t<div class=\"elementor-element elementor-element-11889db7 e-flex e-con-boxed e-con e-child\" data-id=\"11889db7\" data-element_type=\"container\">\n\t\t\t\t\t<div class=\"e-con-inner\">\n\t\t\t\t<div class=\"elementor-element elementor-element-7f82c081 elementor-button-align-stretch elementor-widget elementor-widget-form\" data-id=\"7f82c081\" data-element_type=\"widget\" data-settings=\"{&quot;step_next_label&quot;:&quot;Next&quot;,&quot;step_previous_label&quot;:&quot;Previous&quot;,&quot;button_width&quot;:&quot;100&quot;,&quot;step_type&quot;:&quot;number_text&quot;,&quot;step_icon_shape&quot;:&quot;circle&quot;}\" data-widget_type=\"form.default\">\n\t\t\t\t\t\t\t<form class=\"elementor-form\" method=\"post\" name=\"Free Quote Form\" aria-label=\"Free Quote Form\" action=\"\">\n\t\t\t<input type=\"hidden\" name=\"post_id\" value=\"220\"\/>\n\t\t\t<input type=\"hidden\" name=\"form_id\" value=\"7f82c081\"\/>\n\t\t\t<input type=\"hidden\" name=\"referer_title\" value=\"Get Free Quote for Digital Marketing &amp; Automation | Zero to Hero Business\" \/>\n\n\t\t\t\t\t\t\t<input type=\"hidden\" name=\"queried_id\" value=\"220\"\/>\n\t\t\t\n\t\t\t<div class=\"elementor-form-fields-wrapper elementor-labels-above\">\n\t\t\t\t\t\t\t\t<div class=\"elementor-field-type-step elementor-field-group elementor-column elementor-field-group-field_515959f elementor-col-100\">\n\t\t\t\t\t\t\t<div class=\"e-field-step elementor-hidden\" data-label=\"Business Info\" data-previousbutton=\"\" data-nextbutton=\"Next\" data-iconurl=\"\" data-iconlibrary=\"fas fa-star\" data-icon=\"&lt;svg class=&quot;e-font-icon-svg e-fas-star&quot; viewBox=&quot;0 0 576 512&quot; xmlns=&quot;http:\/\/www.w3.org\/2000\/svg&quot;&gt;&lt;path d=&quot;M259.3 17.8L194 150.2 47.9 171.5c-26.2 3.8-36.7 36.1-17.7 54.6l105.7 103-25 145.5c-4.5 26.3 23.2 46 46.4 33.7L288 439.6l130.7 68.7c23.2 12.2 50.9-7.4 46.4-33.7l-25-145.5 105.7-103c19-18.5 8.5-50.8-17.7-54.6L382 150.2 316.7 17.8c-11.7-23.6-45.6-23.9-57.4 0z&quot;&gt;&lt;\/path&gt;&lt;\/svg&gt;\" ><\/div>\n\n\t\t\t\t\t\t<\/div>\n\t\t\t\t\t\t\t\t<div class=\"elementor-field-type-text elementor-field-group elementor-column elementor-field-group-name elementor-col-50 elementor-field-required elementor-mark-required\">\n\t\t\t\t\t\t\t\t\t\t\t\t<label for=\"form-field-name\" class=\"elementor-field-label\">\n\t\t\t\t\t\t\t\tIME\t\t\t\t\t\t\t<\/label>\n\t\t\t\t\t\t\t\t\t\t\t\t\t\t<input size=\"1\" type=\"text\" name=\"form_fields[name]\" id=\"form-field-name\" class=\"elementor-field elementor-size-sm  elementor-field-textual\" required=\"required\">\n\t\t\t\t\t\t\t\t\t\t\t<\/div>\n\t\t\t\t\t\t\t\t<div class=\"elementor-field-type-text elementor-field-group elementor-column elementor-field-group-field_f8a0477 elementor-col-50 elementor-field-required elementor-mark-required\">\n\t\t\t\t\t\t\t\t\t\t\t\t<label for=\"form-field-field_f8a0477\" class=\"elementor-field-label\">\n\t\t\t\t\t\t\t\tprezime\t\t\t\t\t\t\t<\/label>\n\t\t\t\t\t\t\t\t\t\t\t\t\t\t<input size=\"1\" type=\"text\" name=\"form_fields[field_f8a0477]\" id=\"form-field-field_f8a0477\" class=\"elementor-field elementor-size-sm  elementor-field-textual\" required=\"required\">\n\t\t\t\t\t\t\t\t\t\t\t<\/div>\n\t\t\t\t\t\t\t\t<div class=\"elementor-field-type-text elementor-field-group elementor-column elementor-field-group-field_af79a51 elementor-col-50\">\n\t\t\t\t\t\t\t\t\t\t\t\t<label for=\"form-field-field_af79a51\" class=\"elementor-field-label\">\n\t\t\t\t\t\t\t\tnaziv biznisa\t\t\t\t\t\t\t<\/label>\n\t\t\t\t\t\t\t\t\t\t\t\t\t\t<input size=\"1\" type=\"text\" name=\"form_fields[field_af79a51]\" id=\"form-field-field_af79a51\" class=\"elementor-field elementor-size-sm  elementor-field-textual\">\n\t\t\t\t\t\t\t\t\t\t\t<\/div>\n\t\t\t\t\t\t\t\t<div class=\"elementor-field-type-text elementor-field-group elementor-column elementor-field-group-field_86f9ca0 elementor-col-50\">\n\t\t\t\t\t\t\t\t\t\t\t\t<label for=\"form-field-field_86f9ca0\" class=\"elementor-field-label\">\n\t\t\t\t\t\t\t\tWebsite URL\t\t\t\t\t\t\t<\/label>\n\t\t\t\t\t\t\t\t\t\t\t\t\t\t<input size=\"1\" type=\"text\" name=\"form_fields[field_86f9ca0]\" id=\"form-field-field_86f9ca0\" class=\"elementor-field elementor-size-sm  elementor-field-textual\">\n\t\t\t\t\t\t\t\t\t\t\t<\/div>\n\t\t\t\t\t\t\t\t<div class=\"elementor-field-type-email elementor-field-group elementor-column elementor-field-group-email elementor-col-50 elementor-field-required elementor-mark-required\">\n\t\t\t\t\t\t\t\t\t\t\t\t<label for=\"form-field-email\" class=\"elementor-field-label\">\n\t\t\t\t\t\t\t\tEmail\t\t\t\t\t\t\t<\/label>\n\t\t\t\t\t\t\t\t\t\t\t\t\t\t<input size=\"1\" type=\"email\" name=\"form_fields[email]\" id=\"form-field-email\" class=\"elementor-field elementor-size-sm  elementor-field-textual\" required=\"required\">\n\t\t\t\t\t\t\t\t\t\t\t<\/div>\n\t\t\t\t\t\t\t\t<div class=\"elementor-field-type-tel elementor-field-group elementor-column elementor-field-group-field_6f87aed elementor-col-50 elementor-field-required elementor-mark-required\">\n\t\t\t\t\t\t\t\t\t\t\t\t<label for=\"form-field-field_6f87aed\" class=\"elementor-field-label\">\n\t\t\t\t\t\t\t\tbroj telefona\t\t\t\t\t\t\t<\/label>\n\t\t\t\t\t\t\t\t<input size=\"1\" type=\"tel\" name=\"form_fields[field_6f87aed]\" id=\"form-field-field_6f87aed\" class=\"elementor-field elementor-size-sm  elementor-field-textual\" required=\"required\" pattern=\"[0-9()#&amp;+*-=.]+\" title=\"Only numbers and phone characters (#, -, *, etc) are accepted.\" data-no-translation-title=\"\">\n\n\t\t\t\t\t\t<\/div>\n\t\t\t\t\t\t\t\t<div class=\"elementor-field-type-step elementor-field-group elementor-column elementor-field-group-field_b1e12b0 elementor-col-100\">\n\t\t\t\t\t\t\t<div class=\"e-field-step elementor-hidden\" data-label=\"Project info\" data-previousbutton=\"Previous\" data-nextbutton=\"Next\" data-iconurl=\"\" data-iconlibrary=\"fas fa-star\" data-icon=\"&lt;svg class=&quot;e-font-icon-svg e-fas-star&quot; viewBox=&quot;0 0 576 512&quot; xmlns=&quot;http:\/\/www.w3.org\/2000\/svg&quot;&gt;&lt;path d=&quot;M259.3 17.8L194 150.2 47.9 171.5c-26.2 3.8-36.7 36.1-17.7 54.6l105.7 103-25 145.5c-4.5 26.3 23.2 46 46.4 33.7L288 439.6l130.7 68.7c23.2 12.2 50.9-7.4 46.4-33.7l-25-145.5 105.7-103c19-18.5 8.5-50.8-17.7-54.6L382 150.2 316.7 17.8c-11.7-23.6-45.6-23.9-57.4 0z&quot;&gt;&lt;\/path&gt;&lt;\/svg&gt;\" ><\/div>\n\n\t\t\t\t\t\t<\/div>\n\t\t\t\t\t\t\t\t<div class=\"elementor-field-type-checkbox elementor-field-group elementor-column elementor-field-group-field_ed5061e elementor-col-100\">\n\t\t\t\t\t\t\t\t\t\t\t\t<label for=\"form-field-field_ed5061e\" class=\"elementor-field-label\">\n\t\t\t\t\t\t\t\tPotrebne usluge:\t\t\t\t\t\t\t<\/label>\n\t\t\t\t\t\t<div class=\"elementor-field-subgroup  elementor-subgroup-inline\"><span class=\"elementor-field-option\"><input type=\"checkbox\" value=\"Search Engine Optimization\" id=\"form-field-field_ed5061e-0\" name=\"form_fields[field_ed5061e][]\"> <label for=\"form-field-field_ed5061e-0\">SEO - Optimizacija za pretra\u017eiva\u010de<\/label><\/span><span class=\"elementor-field-option\"><input type=\"checkbox\" value=\"Website Design &amp; Development\" id=\"form-field-field_ed5061e-1\" name=\"form_fields[field_ed5061e][]\"> <label for=\"form-field-field_ed5061e-1\">Dizajn i razvoj sajta<\/label><\/span><span class=\"elementor-field-option\"><input type=\"checkbox\" value=\"Search Engine Marketing\" id=\"form-field-field_ed5061e-2\" name=\"form_fields[field_ed5061e][]\"> <label for=\"form-field-field_ed5061e-2\">Search Engine Marketing (Google Ads)<\/label><\/span><span class=\"elementor-field-option\"><input type=\"checkbox\" value=\"Social Media Marketing\" id=\"form-field-field_ed5061e-3\" name=\"form_fields[field_ed5061e][]\"> <label for=\"form-field-field_ed5061e-3\">Social Media Marketing<\/label><\/span><span class=\"elementor-field-option\"><input type=\"checkbox\" value=\"Email &amp; SMS Marketing\" id=\"form-field-field_ed5061e-4\" name=\"form_fields[field_ed5061e][]\"> <label for=\"form-field-field_ed5061e-4\">Email i SMS marketing<\/label><\/span><span class=\"elementor-field-option\"><input type=\"checkbox\" value=\"Branding and Graphic Design\" id=\"form-field-field_ed5061e-5\" name=\"form_fields[field_ed5061e][]\"> <label for=\"form-field-field_ed5061e-5\">Brending i grafi\u010dki dizajn<\/label><\/span><span class=\"elementor-field-option\"><input type=\"checkbox\" value=\"Automation &amp; Business Efficiency\" id=\"form-field-field_ed5061e-6\" name=\"form_fields[field_ed5061e][]\"> <label for=\"form-field-field_ed5061e-6\">Automatizacija i poslovna efikasnost<\/label><\/span><span class=\"elementor-field-option\"><input type=\"checkbox\" value=\"Web Analytics &amp; Tracking\" id=\"form-field-field_ed5061e-7\" name=\"form_fields[field_ed5061e][]\"> <label for=\"form-field-field_ed5061e-7\">Web analitika i metrike<\/label><\/span><\/div>\t\t\t\t<\/div>\n\t\t\t\t\t\t\t\t<div class=\"elementor-field-type-select elementor-field-group elementor-column elementor-field-group-field_00e0763 elementor-col-50 elementor-field-required elementor-mark-required\">\n\t\t\t\t\t\t\t\t\t\t\t\t<label for=\"form-field-field_00e0763\" class=\"elementor-field-label\">\n\t\t\t\t\t\t\t\tBud\u017eet za projekat\t\t\t\t\t\t\t<\/label>\n\t\t\t\t\t\t\t\t<div class=\"elementor-field elementor-select-wrapper remove-before\">\n\t\t\t<div class=\"select-caret-down-wrapper\">\n\t\t\t\t<svg aria-hidden=\"true\" class=\"e-font-icon-svg e-eicon-caret-down\" viewbox=\"0 0 571.4 571.4\" xmlns=\"http:\/\/www.w3.org\/2000\/svg\"><path d=\"M571 393Q571 407 561 418L311 668Q300 679 286 679T261 668L11 418Q0 407 0 393T11 368 36 357H536Q550 357 561 368T571 393Z\"><\/path><\/svg>\t\t\t<\/div>\n\t\t\t<select name=\"form_fields[field_00e0763]\" id=\"form-field-field_00e0763\" class=\"elementor-field-textual elementor-size-sm\" required=\"required\">\n\t\t\t\t\t\t\t\t\t<option value=\"Less than $1,000\">Manje od 1,000\u20ac<\/option>\n\t\t\t\t\t\t\t\t\t<option value=\"From $1,000 - $5,000\">1,000\u20ac - 5,000\u20ac<\/option>\n\t\t\t\t\t\t\t\t\t<option value=\"From $5,000 - $10,000\">5,000\u20ac - 10,000\u20ac<\/option>\n\t\t\t\t\t\t\t\t\t<option value=\"From $10,000 - $20,000\">10,000\u20ac - 20,000\u20ac<\/option>\n\t\t\t\t\t\t\t\t\t<option value=\"More than $20,000\">Vi\u0161e od 20,000\u20ac<\/option>\n\t\t\t\t\t\t\t<\/select>\n\t\t<\/div>\n\t\t\t\t\t\t<\/div>\n\t\t\t\t\t\t\t\t<div class=\"elementor-field-type-select elementor-field-group elementor-column elementor-field-group-field_5feaac4 elementor-col-50 elementor-field-required elementor-mark-required\">\n\t\t\t\t\t\t\t\t\t\t\t\t<label for=\"form-field-field_5feaac4\" class=\"elementor-field-label\">\n\t\t\t\t\t\t\t\tVremenski okvir projekta\t\t\t\t\t\t\t<\/label>\n\t\t\t\t\t\t\t\t<div class=\"elementor-field elementor-select-wrapper remove-before\">\n\t\t\t<div class=\"select-caret-down-wrapper\">\n\t\t\t\t<svg aria-hidden=\"true\" class=\"e-font-icon-svg e-eicon-caret-down\" viewbox=\"0 0 571.4 571.4\" xmlns=\"http:\/\/www.w3.org\/2000\/svg\"><path d=\"M571 393Q571 407 561 418L311 668Q300 679 286 679T261 668L11 418Q0 407 0 393T11 368 36 357H536Q550 357 561 368T571 393Z\"><\/path><\/svg>\t\t\t<\/div>\n\t\t\t<select name=\"form_fields[field_5feaac4]\" id=\"form-field-field_5feaac4\" class=\"elementor-field-textual elementor-size-sm\" required=\"required\">\n\t\t\t\t\t\t\t\t\t<option value=\"Less than 1 month\">Manje od 1 mesec<\/option>\n\t\t\t\t\t\t\t\t\t<option value=\"1 - 3 months\">1 - 3 meseca<\/option>\n\t\t\t\t\t\t\t\t\t<option value=\"3 - 6 months\">3 - 6 meseci<\/option>\n\t\t\t\t\t\t\t\t\t<option value=\"More than 6 months\">Vi\u0161e od 6 meseci<\/option>\n\t\t\t\t\t\t\t<\/select>\n\t\t<\/div>\n\t\t\t\t\t\t<\/div>\n\t\t\t\t\t\t\t\t<div class=\"elementor-field-type-radio elementor-field-group elementor-column elementor-field-group-field_4537c33 elementor-col-50 elementor-field-required elementor-mark-required\">\n\t\t\t\t\t\t\t\t\t\t\t\t<label for=\"form-field-field_4537c33\" class=\"elementor-field-label\">\n\t\t\t\t\t\t\t\tKako da vas kontaktiramo?\t\t\t\t\t\t\t<\/label>\n\t\t\t\t\t\t<div class=\"elementor-field-subgroup  elementor-subgroup-inline\"><span class=\"elementor-field-option\"><input type=\"radio\" value=\"Email\" id=\"form-field-field_4537c33-0\" name=\"form_fields[field_4537c33]\" required=\"required\"> <label for=\"form-field-field_4537c33-0\">Email<\/label><\/span><span class=\"elementor-field-option\"><input type=\"radio\" value=\"Phone\" id=\"form-field-field_4537c33-1\" name=\"form_fields[field_4537c33]\" required=\"required\"> <label for=\"form-field-field_4537c33-1\">Telefon<\/label><\/span><\/div>\t\t\t\t<\/div>\n\t\t\t\t\t\t\t\t<div class=\"elementor-field-type-radio elementor-field-group elementor-column elementor-field-group-field_5e6a0c8 elementor-col-50 elementor-field-required elementor-mark-required\">\n\t\t\t\t\t\t\t\t\t\t\t\t<label for=\"form-field-field_5e6a0c8\" class=\"elementor-field-label\">\n\t\t\t\t\t\t\t\tKako ste \u010duli za nas?\t\t\t\t\t\t\t<\/label>\n\t\t\t\t\t\t<div class=\"elementor-field-subgroup  elementor-subgroup-inline\"><span class=\"elementor-field-option\"><input type=\"radio\" value=\"Search\/Social\" id=\"form-field-field_5e6a0c8-0\" name=\"form_fields[field_5e6a0c8]\" required=\"required\"> <label for=\"form-field-field_5e6a0c8-0\">Dru\u0161tvene mre\u017ee<\/label><\/span><span class=\"elementor-field-option\"><input type=\"radio\" value=\"Referral\" id=\"form-field-field_5e6a0c8-1\" name=\"form_fields[field_5e6a0c8]\" required=\"required\"> <label for=\"form-field-field_5e6a0c8-1\">Preporuka<\/label><\/span><span class=\"elementor-field-option\"><input type=\"radio\" value=\"Other\" id=\"form-field-field_5e6a0c8-2\" name=\"form_fields[field_5e6a0c8]\" required=\"required\"> <label for=\"form-field-field_5e6a0c8-2\">Drugo<\/label><\/span><\/div>\t\t\t\t<\/div>\n\t\t\t\t\t\t\t\t<div class=\"elementor-field-type-textarea elementor-field-group elementor-column elementor-field-group-message elementor-col-100 elementor-field-required elementor-mark-required\">\n\t\t\t\t\t\t\t\t\t\t\t\t<label for=\"form-field-message\" class=\"elementor-field-label\">\n\t\t\t\t\t\t\t\tDetalji projekta\t\t\t\t\t\t\t<\/label>\n\t\t\t\t\t\t<textarea class=\"elementor-field-textual elementor-field  elementor-size-sm\" name=\"form_fields[message]\" id=\"form-field-message\" rows=\"8\" required=\"required\"><\/textarea>\t\t\t\t<\/div>\n\t\t\t\t\t\t\t\t<div class=\"elementor-field-group elementor-column elementor-field-type-submit elementor-col-100 e-form__buttons\">\n\t\t\t\t\t<button class=\"elementor-button elementor-size-sm\" type=\"submit\">\n\t\t\t\t\t\t<span class=\"elementor-button-content-wrapper\">\n\t\t\t\t\t\t\t\t\t\t\t\t\t\t\t\t\t\t\t\t\t\t<span class=\"elementor-button-text\">Po\u0161aljite upit<\/span>\n\t\t\t\t\t\t\t\t\t\t\t\t\t<\/span>\n\t\t\t\t\t<\/button>\n\t\t\t\t<\/div>\n\t\t\t<\/div>\n\t\t<input type=\"hidden\" name=\"trp-form-language\" value=\"sr\"\/><\/form>\n\t\t\t\t\t\t<\/div>\n\t\t\t\t<div class=\"elementor-element elementor-element-3f45d6d8 elementor-align-center elementor-mobile-align-left elementor-icon-list--layout-traditional elementor-list-item-link-full_width elementor-widget elementor-widget-icon-list\" data-id=\"3f45d6d8\" data-element_type=\"widget\" data-widget_type=\"icon-list.default\">\n\t\t\t\t\t\t\t<ul class=\"elementor-icon-list-items\">\n\t\t\t\t\t\t\t<li class=\"elementor-icon-list-item\">\n\t\t\t\t\t\t\t\t\t\t\t<span class=\"elementor-icon-list-icon\">\n\t\t\t\t\t\t\t<svg aria-hidden=\"true\" class=\"e-font-icon-svg e-fas-info-circle\" viewbox=\"0 0 512 512\" xmlns=\"http:\/\/www.w3.org\/2000\/svg\"><path d=\"M256 8C119.043 8 8 119.083 8 256c0 136.997 111.043 248 248 248s248-111.003 248-248C504 119.083 392.957 8 256 8zm0 110c23.196 0 42 18.804 42 42s-18.804 42-42 42-42-18.804-42-42 18.804-42 42-42zm56 254c0 6.627-5.373 12-12 12h-88c-6.627 0-12-5.373-12-12v-24c0-6.627 5.373-12 12-12h12v-64h-12c-6.627 0-12-5.373-12-12v-24c0-6.627 5.373-12 12-12h64c6.627 0 12 5.373 12 12v100h12c6.627 0 12 5.373 12 12v24z\"><\/path><\/svg>\t\t\t\t\t\t<\/span>\n\t\t\t\t\t\t\t\t\t\t<span class=\"elementor-icon-list-text\">Va\u0161i podaci se nikada ne prodaju niti dele sa tre\u0107im licima. Koristimo ih isklju\u010divo za kontakt sa vama.<\/span>\n\t\t\t\t\t\t\t\t\t<\/li>\n\t\t\t\t\t\t<\/ul>\n\t\t\t\t\t\t<\/div>\n\t\t\t\t\t<\/div>\n\t\t\t\t<\/div>\n\t\t\t\t\t<\/div>\n\t\t\t\t<\/div>\n\t\t\t\t<\/div>","protected":false},"excerpt":{"rendered":"<p>Get a Free Quote Ready to scale your business? Get a free, no-obligation quote today. Fill out the form, and we&#8217;ll respond within 1-2 business days. Your information is never sold or shared. It is used for the sole purpose of contacting you.<\/p>","protected":false},"author":1,"featured_media":0,"parent":0,"menu_order":0,"comment_status":"closed","ping_status":"closed","template":"elementor_header_footer","meta":{"footnotes":""},"class_list":["post-220","page","type-page","status-publish","hentry"],"yoast_head":"<!-- This site is optimized with the Yoast SEO plugin v26.3 - https:\/\/yoast.com\/wordpress\/plugins\/seo\/ -->\n<title>Get Free Quote for Digital Marketing &amp; Automation | Zero to Hero Business<\/title>\n<meta name=\"description\" content=\"Fill out the form for a free quote. Share your goals and we\u2019ll send a tailored plan to grow your business online.\" \/>\n<meta name=\"robots\" content=\"index, follow, max-snippet:-1, max-image-preview:large, max-video-preview:-1\" \/>\n<link rel=\"canonical\" href=\"https:\/\/zerotoherobusiness.com\/sr\/get-free-quote\/\" \/>\n<meta property=\"og:locale\" content=\"sr_RS\" \/>\n<meta property=\"og:type\" content=\"article\" \/>\n<meta property=\"og:title\" content=\"Get Free Quote for Digital Marketing &amp; Automation | Zero to Hero Business\" \/>\n<meta property=\"og:description\" content=\"Fill out the form for a free quote. Share your goals and we\u2019ll send a tailored plan to grow your business online.\" \/>\n<meta property=\"og:url\" content=\"https:\/\/zerotoherobusiness.com\/sr\/get-free-quote\/\" \/>\n<meta property=\"og:site_name\" content=\"zerotoherobusiness.com\" \/>\n<meta property=\"article:modified_time\" content=\"2025-11-13T18:09:15+00:00\" \/>\n<meta name=\"twitter:card\" content=\"summary_large_image\" \/>\n<meta name=\"twitter:label1\" content=\"\u041f\u0440\u043e\u0446\u0435\u045a\u0435\u043d\u043e \u0432\u0440\u0435\u043c\u0435 \u0447\u0438\u0442\u0430\u045a\u0430\" \/>\n\t<meta name=\"twitter:data1\" content=\"1 \u043c\u0438\u043d\u0443\u0442\" \/>\n<script type=\"application\/ld+json\" class=\"yoast-schema-graph\">{\"@context\":\"https:\/\/schema.org\",\"@graph\":[{\"@type\":\"WebPage\",\"@id\":\"https:\/\/zerotoherobusiness.com\/get-free-quote\/\",\"url\":\"https:\/\/zerotoherobusiness.com\/get-free-quote\/\",\"name\":\"Get Free Quote for Digital Marketing & Automation | Zero to Hero Business\",\"isPartOf\":{\"@id\":\"https:\/\/zerotoherobusiness.com\/#website\"},\"datePublished\":\"2025-09-22T19:48:46+00:00\",\"dateModified\":\"2025-11-13T18:09:15+00:00\",\"description\":\"Fill out the form for a free quote. Share your goals and we\u2019ll send a tailored plan to grow your business online.\",\"breadcrumb\":{\"@id\":\"https:\/\/zerotoherobusiness.com\/get-free-quote\/#breadcrumb\"},\"inLanguage\":\"sr-RS\",\"potentialAction\":[{\"@type\":\"ReadAction\",\"target\":[\"https:\/\/zerotoherobusiness.com\/get-free-quote\/\"]}]},{\"@type\":\"BreadcrumbList\",\"@id\":\"https:\/\/zerotoherobusiness.com\/get-free-quote\/#breadcrumb\",\"itemListElement\":[{\"@type\":\"ListItem\",\"position\":1,\"name\":\"Home\",\"item\":\"https:\/\/zerotoherobusiness.com\/\"},{\"@type\":\"ListItem\",\"position\":2,\"name\":\"Get Free Quote\"}]},{\"@type\":\"WebSite\",\"@id\":\"https:\/\/zerotoherobusiness.com\/#website\",\"url\":\"https:\/\/zerotoherobusiness.com\/\",\"name\":\"zerotoherobusiness.com\",\"description\":\"\",\"publisher\":{\"@id\":\"https:\/\/zerotoherobusiness.com\/#organization\"},\"potentialAction\":[{\"@type\":\"SearchAction\",\"target\":{\"@type\":\"EntryPoint\",\"urlTemplate\":\"https:\/\/zerotoherobusiness.com\/?s={search_term_string}\"},\"query-input\":{\"@type\":\"PropertyValueSpecification\",\"valueRequired\":true,\"valueName\":\"search_term_string\"}}],\"inLanguage\":\"sr-RS\"},{\"@type\":\"Organization\",\"@id\":\"https:\/\/zerotoherobusiness.com\/#organization\",\"name\":\"zerotoherobusiness.com\",\"url\":\"https:\/\/zerotoherobusiness.com\/\",\"logo\":{\"@type\":\"ImageObject\",\"inLanguage\":\"sr-RS\",\"@id\":\"https:\/\/zerotoherobusiness.com\/#\/schema\/logo\/image\/\",\"url\":\"https:\/\/zerotoherobusiness.com\/wp-content\/uploads\/2025\/09\/hero-350-x-100-px-3.png\",\"contentUrl\":\"https:\/\/zerotoherobusiness.com\/wp-content\/uploads\/2025\/09\/hero-350-x-100-px-3.png\",\"width\":350,\"height\":100,\"caption\":\"zerotoherobusiness.com\"},\"image\":{\"@id\":\"https:\/\/zerotoherobusiness.com\/#\/schema\/logo\/image\/\"}}]}<\/script>\n<!-- \/ Yoast SEO plugin. -->","yoast_head_json":{"title":"Get Free Quote for Digital Marketing & Automation | Zero to Hero Business","description":"Fill out the form for a free quote. Share your goals and we\u2019ll send a tailored plan to grow your business online.","robots":{"index":"index","follow":"follow","max-snippet":"max-snippet:-1","max-image-preview":"max-image-preview:large","max-video-preview":"max-video-preview:-1"},"canonical":"https:\/\/zerotoherobusiness.com\/sr\/get-free-quote\/","og_locale":"sr_RS","og_type":"article","og_title":"Get Free Quote for Digital Marketing & Automation | Zero to Hero Business","og_description":"Fill out the form for a free quote. Share your goals and we\u2019ll send a tailored plan to grow your business online.","og_url":"https:\/\/zerotoherobusiness.com\/sr\/get-free-quote\/","og_site_name":"zerotoherobusiness.com","article_modified_time":"2025-11-13T18:09:15+00:00","twitter_card":"summary_large_image","twitter_misc":{"\u041f\u0440\u043e\u0446\u0435\u045a\u0435\u043d\u043e \u0432\u0440\u0435\u043c\u0435 \u0447\u0438\u0442\u0430\u045a\u0430":"1 \u043c\u0438\u043d\u0443\u0442"},"schema":{"@context":"https:\/\/schema.org","@graph":[{"@type":"WebPage","@id":"https:\/\/zerotoherobusiness.com\/get-free-quote\/","url":"https:\/\/zerotoherobusiness.com\/get-free-quote\/","name":"Get Free Quote for Digital Marketing & Automation | Zero to Hero Business","isPartOf":{"@id":"https:\/\/zerotoherobusiness.com\/#website"},"datePublished":"2025-09-22T19:48:46+00:00","dateModified":"2025-11-13T18:09:15+00:00","description":"Fill out the form for a free quote. Share your goals and we\u2019ll send a tailored plan to grow your business online.","breadcrumb":{"@id":"https:\/\/zerotoherobusiness.com\/get-free-quote\/#breadcrumb"},"inLanguage":"sr-RS","potentialAction":[{"@type":"ReadAction","target":["https:\/\/zerotoherobusiness.com\/get-free-quote\/"]}]},{"@type":"BreadcrumbList","@id":"https:\/\/zerotoherobusiness.com\/get-free-quote\/#breadcrumb","itemListElement":[{"@type":"ListItem","position":1,"name":"Home","item":"https:\/\/zerotoherobusiness.com\/"},{"@type":"ListItem","position":2,"name":"Get Free Quote"}]},{"@type":"WebSite","@id":"https:\/\/zerotoherobusiness.com\/#website","url":"https:\/\/zerotoherobusiness.com\/","name":"zerotoherobusiness.com","description":"","publisher":{"@id":"https:\/\/zerotoherobusiness.com\/#organization"},"potentialAction":[{"@type":"SearchAction","target":{"@type":"EntryPoint","urlTemplate":"https:\/\/zerotoherobusiness.com\/?s={search_term_string}"},"query-input":{"@type":"PropertyValueSpecification","valueRequired":true,"valueName":"search_term_string"}}],"inLanguage":"sr-RS"},{"@type":"Organization","@id":"https:\/\/zerotoherobusiness.com\/#organization","name":"zerotoherobusiness.com","url":"https:\/\/zerotoherobusiness.com\/","logo":{"@type":"ImageObject","inLanguage":"sr-RS","@id":"https:\/\/zerotoherobusiness.com\/#\/schema\/logo\/image\/","url":"https:\/\/zerotoherobusiness.com\/wp-content\/uploads\/2025\/09\/hero-350-x-100-px-3.png","contentUrl":"https:\/\/zerotoherobusiness.com\/wp-content\/uploads\/2025\/09\/hero-350-x-100-px-3.png","width":350,"height":100,"caption":"zerotoherobusiness.com"},"image":{"@id":"https:\/\/zerotoherobusiness.com\/#\/schema\/logo\/image\/"}}]}},"_links":{"self":[{"href":"https:\/\/zerotoherobusiness.com\/sr\/wp-json\/wp\/v2\/pages\/220","targetHints":{"allow":["GET"]}}],"collection":[{"href":"https:\/\/zerotoherobusiness.com\/sr\/wp-json\/wp\/v2\/pages"}],"about":[{"href":"https:\/\/zerotoherobusiness.com\/sr\/wp-json\/wp\/v2\/types\/page"}],"author":[{"embeddable":true,"href":"https:\/\/zerotoherobusiness.com\/sr\/wp-json\/wp\/v2\/users\/1"}],"replies":[{"embeddable":true,"href":"https:\/\/zerotoherobusiness.com\/sr\/wp-json\/wp\/v2\/comments?post=220"}],"version-history":[{"count":64,"href":"https:\/\/zerotoherobusiness.com\/sr\/wp-json\/wp\/v2\/pages\/220\/revisions"}],"predecessor-version":[{"id":1450,"href":"https:\/\/zerotoherobusiness.com\/sr\/wp-json\/wp\/v2\/pages\/220\/revisions\/1450"}],"wp:attachment":[{"href":"https:\/\/zerotoherobusiness.com\/sr\/wp-json\/wp\/v2\/media?parent=220"}],"curies":[{"name":"wp","href":"https:\/\/api.w.org\/{rel}","templated":true}]}}